{"id":754,"date":"2019-12-16T16:07:25","date_gmt":"2019-12-16T16:07:25","guid":{"rendered":"http:\/\/suprameca.md.mety3.net\/?page_id=754"},"modified":"2025-08-20T12:15:19","modified_gmt":"2025-08-20T12:15:19","slug":"legal-notice","status":"publish","type":"page","link":"http:\/\/www.suprameca.com\/en\/legal-notice\/","title":{"rendered":"Legal notice"},"content":{"rendered":"<ul>\n<li><strong>Company name: <\/strong>SUPRAMECA<strong><br \/>\n<\/strong><\/li>\n<li><strong>Legal form: <\/strong>Soci\u00e9t\u00e9 par Actions Simplifi\u00e9e (SAS)<strong><br \/>\n<\/strong><\/li>\n<li><strong>Capital: <\/strong>430 000 \u20ac<strong><br \/>\n<\/strong><\/li>\n<li><strong>Registration: <\/strong>RCS TOULON 510 129 695<strong><br \/>\n<\/strong><\/li>\n<li><strong>Headquarters: <\/strong>654 Chemin du Seigneur, 83190 Ollioules, France<strong><br \/>\n<\/strong><\/li>\n<li><b class=\"b5\">Intercommunity VAT <\/b><b class=\"b4\">number: <\/b>FR 18 510 129 695<\/li>\n<li><strong>Telephone: <\/strong>+33 (0)4 94 41 01 85<strong><br \/>\n<\/strong><\/li>\n<li><strong>Publication Director: <\/strong>Dominique VINCI<strong><br \/>\n<\/strong><\/li>\n<li><strong>Hosting provider:<\/strong> Evolix<\/li>\n<li>Adresse: 37, rue Guibal &#8211; 13003 Marseille<\/li>\n<li>Telephone<strong>:<\/strong> +33 (0)4 91 05 92 54<\/li>\n<\/ul>\n<p><strong>Credits<\/strong><\/p>\n<ul>\n<li>Design and development: Metycea SARL<\/li>\n<li>Hosting: Evolix<\/li>\n<li>This website was created using the WordPress platform.<\/li>\n<\/ul>\n<p><strong>Copyright and Intellectual Property<\/strong><br \/>\nThis site is protected by French and international legislation on copyright and intellectual property. All iconographic and photographic representations are reserved.<\/p>\n<p><strong>Reproduction on paper<\/strong><br \/>\nReproduction of pages from this site on paper is authorised under the following conditions:<\/p>\n<ul>\n<li>Free distribution<\/li>\n<li>Respect for the integrity of the reproduced documents, with no modification or alteration<\/li>\n<li>Explicit citation of the source with the mention \u201cAll rights reserved\u201d<\/li>\n<\/ul>\n<p><strong>Reproduction in electronic format<\/strong><br \/>\nReproduction of all or part of this site in electronic format is authorised provided that the source is clearly indicated and the mention \u201cAll rights reserved\u201d is included. Use of this content is limited to personal, associative or professional purposes. Any commercial or advertising use is strictly prohibited.<\/p>\n<p><strong>Hyperlinks<\/strong><br \/>\nThe creation of hyperlinks to this site is permitted, subject to prior notification and validation by SUPRAMECA.<\/p>\n<p><strong>Data protection<\/strong><br \/>\nIn accordance with Law No. 78-17 of 6 January 1978 on Information Technology, Data Files and Civil Liberties, you have the right to access, rectify, update or delete personal data concerning you. You may also oppose the processing of such data for legitimate reasons. To exercise this right, please contact SUPRAMECA at the above address.<\/p>\n<div id=\"sconnect-is-installed\" style=\"display: none;\"><\/div>\n<div id=\"sconnect-is-installed\" style=\"display: none;\"><\/div>\n<div id=\"sconnect-is-installed\" style=\"display: none;\"><\/div>\n<div id=\"sconnect-is-installed\" style=\"display: none;\"><\/div>\n<div id=\"sconnect-is-installed\" style=\"display: none;\"><\/div>\n<div id=\"sconnect-is-installed\" style=\"display: none;\"><\/div>\n<!-- AddThis Advanced Settings generic via filter on the_content --><!-- AddThis Share Buttons generic via filter on the_content -->","protected":false},"excerpt":{"rendered":"<p class=\"paragraphe\">Company name: SUPRAMECA Legal form: Soci\u00e9t\u00e9 par Actions Simplifi\u00e9e (SAS) Capital: 430 000 \u20ac Registration: RCS TOULON 510 129 695 Headquarters: 654 Chemin du Seigneur, 83190 Ollioules, France Intercommunity VAT number: FR 18 510 129 695 Telephone: +33 (0)4 94 41 01 85 Publication Director: Dominique VINCI Hosting provider: Evolix Adresse: 37, rue Guibal &#8211; [&hellip;]<!-- AddThis Advanced Settings generic via filter on get_the_excerpt --><!-- AddThis Share Buttons generic via filter on get_the_excerpt --><\/p>\n","protected":false},"author":1,"featured_media":0,"parent":0,"menu_order":5,"comment_status":"closed","ping_status":"closed","template":"","meta":{"_acf_changed":false,"footnotes":""},"class_list":["post-754","page","type-page","status-publish","hentry"],"acf":[],"_links":{"self":[{"href":"https:\/\/www.suprameca.com\/en\/wp-json\/wp\/v2\/pages\/754","targetHints":{"allow":["GET"]}}],"collection":[{"href":"https:\/\/www.suprameca.com\/en\/wp-json\/wp\/v2\/pages"}],"about":[{"href":"https:\/\/www.suprameca.com\/en\/wp-json\/wp\/v2\/types\/page"}],"author":[{"embeddable":true,"href":"https:\/\/www.suprameca.com\/en\/wp-json\/wp\/v2\/users\/1"}],"replies":[{"embeddable":true,"href":"https:\/\/www.suprameca.com\/en\/wp-json\/wp\/v2\/comments?post=754"}],"version-history":[{"count":19,"href":"https:\/\/www.suprameca.com\/en\/wp-json\/wp\/v2\/pages\/754\/revisions"}],"predecessor-version":[{"id":3803,"href":"https:\/\/www.suprameca.com\/en\/wp-json\/wp\/v2\/pages\/754\/revisions\/3803"}],"wp:attachment":[{"href":"https:\/\/www.suprameca.com\/en\/wp-json\/wp\/v2\/media?parent=754"}],"curies":[{"name":"wp","href":"https:\/\/api.w.org\/{rel}","templated":true}]}}